{"id":110,"date":"2021-10-01T10:30:51","date_gmt":"2021-10-01T10:30:51","guid":{"rendered":"https:\/\/webredox.net\/demo\/wp\/bauen\/light\/multi\/demo1\/?page_id=110"},"modified":"2024-11-15T14:03:26","modified_gmt":"2024-11-15T14:03:26","slug":"contact","status":"publish","type":"page","link":"https:\/\/rotercom.ro\/tamplarie\/contact\/","title":{"rendered":"Contact"},"content":{"rendered":"<div class=\"wpb-content-wrapper\">[vc_row row_type=&#8221;main-section&#8221; bauen_section_layout=&#8221;section_grid&#8221; bauen_df_padding_bottom=&#8221;section-padding2&#8243;][vc_column][wr_vc_section_heading title=&#8221;Contact&#8221;][\/wr_vc_section_heading][vc_row_inner inner_sec_effect_opt=&#8221;mb-90&#8243;][vc_column_inner width=&#8221;1\/3&#8243;][wr_vc_section_contact animate=&#8221;yes&#8221; title=&#8221;ROTERCOM PRESTIGE S.R.L.&#8221;]Ai \u00eentreb\u0103ri despre produsele noastre sau dore\u0219ti s\u0103 afli mai multe detalii despre solu\u021biile noastre de t\u00e2mpl\u0103rie din lemn stratificat de calitate? Completeaz\u0103 formularul de contact sau scrie-ne direct, iar echipa noastr\u0103 \u00ee\u021bi va r\u0103spunde rapid pentru a te ajuta s\u0103 g\u0103se\u0219ti cele mai bune solu\u021bii pentru proiectul t\u0103u![\/wr_vc_section_contact][\/vc_column_inner][vc_column_inner width=&#8221;1\/3&#8243;][wr_vc_section_contact animate=&#8221;yes&#8221; title=&#8221;Contact info&#8221; phone_title1=&#8221;Mobil:&#8221; phone_title2=&#8221;+40 744 161 566&#8243; mail_title1=&#8221;E-mail:&#8221; mail_title2=&#8221;office@rotercom.ro&#8221; address_title1=&#8221;Sediu:&#8221; address_title2=&#8221;T\u00e2rgu Neam\u021b&#8221;][\/wr_vc_section_contact][\/vc_column_inner][vc_column_inner width=&#8221;1\/3&#8243;][wr_vc_section_cform animate=&#8221;yes&#8221; title=&#8221;Formular contact&#8221; contactfromid=&#8221;5deeee8&#8243;][\/vc_column_inner][\/vc_row_inner][vc_row_inner][vc_column_inner][vc_raw_html css=&#8221;&#8221;]JTNDaWZyYW1lJTIwc3JjJTNEJTIyaHR0cHMlM0ElMkYlMkZ3d3cuZ29vZ2xlLmNvbSUyRm1hcHMlMkZlbWJlZCUzRnBiJTNEJTIxMW0xOCUyMTFtMTIlMjExbTMlMjExZDIxNjgzLjA1OTA5NjIxNjE1NSUyMTJkMjYuMzUwMzY0NDY1OTg3NjQ2JTIxM2Q0Ny4yMDkwOTk4MDc2NjEyNyUyMTJtMyUyMTFmMCUyMTJmMCUyMTNmMCUyMTNtMiUyMTFpMTAyNCUyMTJpNzY4JTIxNGYxMy4xJTIxM20zJTIxMW0yJTIxMXMweDQ3MzU0NzNkYjJlZTZiYTUlMjUzQTB4YmFlNTliODY1NTg0NzU1MSUyMTJzVGFyZ3UlMjUyME5lYW10JTIxNWUwJTIxM20yJTIxMXNlbiUyMTJzcm8lMjE0djE3MzEzMDE4MDUzNTUlMjE1bTIlMjExc2VuJTIxMnNybyUyMiUyMHdpZHRoJTNEJTIyMTAwJTI1JTIyJTIwaGVpZ2h0JTNEJTIyNDUwJTIyJTIwc3R5bGUlM0QlMjJib3JkZXIlM0EwJTNCJTIyJTIwYWxsb3dmdWxsc2NyZWVuJTNEJTIyJTIyJTIwbG9hZGluZyUzRCUyMmxhenklMjIlMjByZWZlcnJlcnBvbGljeSUzRCUyMm5vLXJlZmVycmVyLXdoZW4tZG93bmdyYWRlJTIyJTNFJTNDJTJGaWZyYW1lJTNF[\/vc_raw_html][\/vc_column_inner][\/vc_row_inner][\/vc_column][\/vc_row]\n<\/div>","protected":false},"excerpt":{"rendered":"<p>[vc_row row_type=&#8221;main-section&#8221; bauen_section_layout=&#8221;section_grid&#8221; bauen_df_padding_bottom=&#8221;section-padding2&#8243;][vc_column][wr_vc_section_heading title=&#8221;Contact&#8221;][\/wr_vc_section_heading][vc_row_inner inner_sec_effect_opt=&#8221;mb-90&#8243;][vc_column_inner width=&#8221;1\/3&#8243;][wr_vc_section_contact animate=&#8221;yes&#8221; title=&#8221;ROTERCOM PRESTIGE S.R.L.&#8221;]Ai \u00eentreb\u0103ri despre produsele noastre sau dore\u0219ti s\u0103 afli mai multe detalii despre solu\u021biile noastre de t\u00e2mpl\u0103rie din lemn stratificat de calitate? Completeaz\u0103 formularul de contact sau scrie-ne direct, iar echipa noastr\u0103 \u00ee\u021bi va r\u0103spunde rapid pentru a te ajuta s\u0103 g\u0103se\u0219ti cele mai bune solu\u021bii pentru proiectul t\u0103u![\/wr_vc_section_contact][\/vc_column_inner][vc_column_inner width=&#8221;1\/3&#8243;][wr_vc_section_contact&#8230;<\/p>\n","protected":false},"author":1,"featured_media":0,"parent":0,"menu_order":0,"comment_status":"closed","ping_status":"closed","template":"","meta":{"footnotes":"","_links_to":"","_links_to_target":""},"class_list":["post-110","page","type-page","status-publish","hentry"],"_links":{"self":[{"href":"https:\/\/rotercom.ro\/tamplarie\/wp-json\/wp\/v2\/pages\/110","targetHints":{"allow":["GET"]}}],"collection":[{"href":"https:\/\/rotercom.ro\/tamplarie\/wp-json\/wp\/v2\/pages"}],"about":[{"href":"https:\/\/rotercom.ro\/tamplarie\/wp-json\/wp\/v2\/types\/page"}],"author":[{"embeddable":true,"href":"https:\/\/rotercom.ro\/tamplarie\/wp-json\/wp\/v2\/users\/1"}],"replies":[{"embeddable":true,"href":"https:\/\/rotercom.ro\/tamplarie\/wp-json\/wp\/v2\/comments?post=110"}],"version-history":[{"count":16,"href":"https:\/\/rotercom.ro\/tamplarie\/wp-json\/wp\/v2\/pages\/110\/revisions"}],"predecessor-version":[{"id":585,"href":"https:\/\/rotercom.ro\/tamplarie\/wp-json\/wp\/v2\/pages\/110\/revisions\/585"}],"wp:attachment":[{"href":"https:\/\/rotercom.ro\/tamplarie\/wp-json\/wp\/v2\/media?parent=110"}],"curies":[{"name":"wp","href":"https:\/\/api.w.org\/{rel}","templated":true}]}}